{"id":257,"date":"2011-11-13T08:33:05","date_gmt":"2011-11-13T08:33:05","guid":{"rendered":"http:\/\/senorc.no\/?page_id=257"},"modified":"2013-01-03T12:34:03","modified_gmt":"2013-01-03T12:34:03","slug":"257-2","status":"publish","type":"page","link":"https:\/\/senorc.no\/?page_id=257","title":{"rendered":"Ny bok lansert 20. mars: Katt i treet, hvor skal jeg g\u00e5?"},"content":{"rendered":"<div>\n<div><span style=\"font-family: arial,helvetica,sans-serif; font-size: 12px;\"><span style=\"font-size: 12px;\">av Stein Arne Nistad.<span style=\"font-size: 12px;\"><span style=\"font-size: 12px;\"><img loading=\"lazy\" decoding=\"async\" class=\"alignright size-medium wp-image-546\" title=\"Forside\" alt=\"\" src=\"http:\/\/senorc.no\/wp-content\/uploads\/2011\/11\/Forside-214x300.jpg\" width=\"214\" height=\"300\" srcset=\"https:\/\/senorc.no\/wp-content\/uploads\/2011\/11\/Forside-214x300.jpg 214w, https:\/\/senorc.no\/wp-content\/uploads\/2011\/11\/Forside-731x1024.jpg 731w\" sizes=\"auto, (max-width: 214px) 100vw, 214px\" \/><\/span><\/span><\/span><\/span><\/div>\n<div><\/div>\n<div><span style=\"font-size: 12px;\"><span style=\"font-size: 12px;\"><strong>\u201cKatt i treet, hvor skal jeg g\u00e5\u201d<\/strong> er en historisk, strategisk og praktisk guide til sosiale medier og relasjonssamfunnet. Boken er et &laquo;Kinderegg&raquo; og tilbyr seks ting p\u00e5 en gang:<\/span><\/span><\/div>\n<div>\n<ul>\n<li><span style=\"font-size: 12px;\"><span style=\"font-size: 12px;\">Den byr p\u00e5 en god leseropplevelse gjennom relevante fortellingerr som spenner fra Gud og Babels t\u00e5rn via Titanic og NASA til astronomi og digital \u00f8rkenspredning<\/span><\/span><\/li>\n<li><span style=\"font-size: 12px;\"><span style=\"font-size: 12px;\">Den forklarer hvordan kommunikasjon har p\u00e5virket samfunnsutviklingen og hvorfor og hvordan sosiale medier er med p\u00e5 \u00e5 utvikle et helt nytt samfunn:Relasjonssamfunnet<\/span><\/span><\/li>\n<li><span style=\"font-size: 12px;\"><span style=\"font-size: 12px;\">Den forklarer dynamikken i relasjoner og hvordan de virker b\u00e5de p\u00e5 det personlig og profesjonelle plan<\/span><\/span><\/li>\n<li><span style=\"font-size: 12px;\"><span style=\"font-size: 12px;\">Den definerer et nytt begrepsapparat og gir en enkel beskrivelse av de toneangivende sosiale mediene<\/span><\/span><\/li>\n<li><span style=\"font-size: 12px;\"><span style=\"font-size: 12px;\">Den forklarer hvordan organisasjons- og forretningsmodeller p\u00e5virkes av relasjonssamfunnet<\/span><\/span><\/li>\n<li><span style=\"font-size: 12px;\"><span style=\"font-size: 12px;\">Den gir konkretet strategiske, organisatoriske og operative tips<\/span><\/span><\/li>\n<\/ul>\n<div>\n<div><span style=\"font-size: 12px;\"><span style=\"font-size: 12px;\">Boken vil v\u00e6re nyttig for ledere, ansatte og folk med ulik bakgrunn og interesse for fagfeltet. Den byr b\u00e5de p\u00e5 en popul\u00e6rvitenskapelig fremstilling &#8211; men er samtidig en anvendbar fagbok \u2013 b\u00e5de p\u00e5 det profesjonelle og det private plan. <\/span><span style=\"font-size: 12px;\">Tittelen er inspirert fra Lewis Carrolls Alice i eventyrland. Alice har g\u00e5tt seg vill og sp\u00f8r katten hvor veien g\u00e5r videre? Boken fors\u00f8ker \u00e5 gi et svar!<\/span><\/span><\/div>\n<p><span style=\"font-size: 12px;\"><span style=\"font-size: 12px;\"><strong>Bestille boken til NOK 295,- + 40,- i porto &amp; eksp. : <\/strong>[wp_cart:KattiTreet:price:335:end]<\/span><\/span><\/p>\n<p><span style=\"font-size: 12px;\"><span style=\"font-size: 12px;\"><span style=\"font-size: 12px;\"><span style=\"font-size: 12px;\"><strong>Klikk her for bestillinger til firma med faktura:<\/strong> <a href=\"http:\/\/senorc.no\/?page_id=790\"><strong>Firmabestilling<\/strong><\/a><\/span><\/span><\/span><\/span><\/p>\n<p><strong><span style=\"font-size: 12px;\">Om forfatteren:<\/span> <\/strong><span style=\"color: #000000; font-size: 12px;\">Stein Arne Nistad er r\u00e5dgivningsdirekt\u00f8r i kommunikasjonsbyr\u00e5et Itera Gazette. Han arbeider spesielt med strategiske sp\u00f8rsm\u00e5l og utfordringer knyttet til Internett- og sosiale medier og har ledet flere st\u00f8rre prosjekter innen fagfeltet. Han er og har v\u00e6rt r\u00e5dgiver for den norske regjeringen, McDonalds, Tetrapak, Spar International, Aker Solutions, Nera, Q-Free m.fl. Han leder Den Norske Dataforeningens faggruppe for sosiale medier og har publisert flere b\u00f8ker, kronikker og en lang rekke artikler. Han er utdannet informatiker fra Universitetet i Oslo og har 25 \u00e5rs erfaring som r\u00e5dgiver og leder i IKT- og kommunikasjonsbransjen.<\/span><\/p>\n<\/div>\n<\/div>\n<div>\n<div><strong><span style=\"font-size: 12px;\">Omtaler av boken:<\/span><\/strong><\/div>\n<ul>\n<li>\n<div><span style=\"font-size: 12px;\"><span style=\"font-size: 11px;\"><em>Bokomtale i <a href=\"http:\/\/senorc.no\/?page_id=861\">Kapital<\/a><\/em><\/span><\/span><\/div>\n<\/li>\n<li>\n<div><span style=\"font-size: 12px;\"><span style=\"font-size: 11px;\"><em>@ErikaHaugNilsen: &laquo;Katt i treet-hvor skal jeg g\u00e5?&raquo; Beste fagboken jeg noengang har lest! Utrolig bra!!<\/em><\/span><\/span><\/div>\n<\/li>\n<li>\n<div><span style=\"font-size: 12px;\"><span style=\"font-size: 11px;\"><em>@CecilieTS: Se p\u00e5 de beste, gj\u00f8r som dem p\u00e5 din m\u00e5te. Anbefaler boken til @SenorC<\/em><\/span><\/span><\/div>\n<\/li>\n<li>\n<div><span style=\"font-size: 12px;\"><span style=\"font-size: 11px;\"><em>Koser meg virkelig med boka: Du katt i treet &#8211; hvor skal jeg g\u00e5? Anbefales! Henriette Hedl\u00f8v, Geelmuyden Kiese (tidl. Hallogen)<\/em><\/span><\/span><\/div>\n<\/li>\n<li>\n<div><span style=\"font-size: 12px;\"><span style=\"font-size: 11px;\"><em>Superinteressant. Det er et stort behov for denne typen litteratur. Anne Grethe Solberg, Sosiolog<\/em><\/span><\/span><\/div>\n<\/li>\n<li>\n<div><span style=\"font-size: 12px;\"><span style=\"font-size: 11px;\"><em>Kjempebra!! Imponert over at det g\u00e5r an \u00e5 skrive s\u00e5 mye om relasjoner uten at det blir svada. Cathrine Grimstad, Community Manager Visma<\/em><\/span><\/span><\/div>\n<\/li>\n<li>\n<div><span style=\"font-size: 12px;\"><span style=\"font-size: 11px;\"><em>Denne boken er en av hovedgrunnene til at jeg fikk A p\u00e5 sosiale medier eksamen! Morten Jacobsen, student<\/em><\/span><\/span><\/div>\n<\/li>\n<li>\n<div><span style=\"font-size: 12px;\"><span style=\"font-size: 11px;\"><em>Jeg trodde aldri jeg skulle f\u00e5 utbytte av boken, men den er forn\u00f8yelig! Den forklarer hvordan det nye samfunnet fungerer og hvorfor det har blitt slik! Siri Moe, korrekturleser og oversetter (76)<\/em><\/span><\/span><\/div>\n<\/li>\n<\/ul>\n<div>\n<div>\n<p><span style=\"font-size: 12px;\"><span style=\"font-size: 12px;\"><span style=\"font-size: 12px;\"><span style=\"font-size: 12px;\"><strong><span style=\"font-size: 12px;\"><strong>Bestille boken til NOK 295,- + 40,- i porto &amp; eksp. : <\/strong>[wp_cart:KattiTreet:price:335:end]<\/span><\/strong><\/span><\/span><\/span><\/span><\/p>\n<p><span style=\"font-size: 12px;\">Boken kan ogs\u00e5 bestilles p\u00e5 <a href=\"http:\/\/www.akademika.no\">www.akademika.no<\/a>, <a href=\"http:\/\/www.bokkilden.no\">www.bokkilden.no<\/a>, <a href=\"http:\/\/www.haugenbok.no\">www.haugenbok.no<\/a>, <a href=\"http:\/\/www.senorc.no\">www.senorc.no<\/a> og kj\u00f8pes p\u00e5 Norli bokhandle i Oslo. Den kan ogs\u00e5 bestilles hos de fleste bokhandlere.<\/span><\/p>\n<p><span style=\"font-size: 12px;\"><strong><strong>Forordet i boken:<\/strong><\/strong><\/span><\/p>\n<\/div>\n<\/div>\n<\/div>\n<\/div>\n<div>\n<div><span style=\"font-size: 12px;\">M\u00e5let med boken er p\u00e5 en forh\u00e5pentligvis enkel m\u00e5te &#8211; \u00e5 beskrive sosiale medier og fremveksten av relasjonssamfunnet; hva det er, premissene det\/de er tuftet p\u00e5 og hvordan vi ved hjelp av modeller og innfallsvinkler bedre kan forst\u00e5 sammenhenger og mekanismer og utnytte de nye mulighetene som oppst\u00e5r. Boken er erfaringsbasert og popul\u00e6rvitenskapelig. Den er basert p\u00e5 kunnskap og erfaringer fra sosiale medieprosjekter for store norske virksomheter og forfatterenes lange karriere innen IT og kommunikasjon.<\/span><\/div>\n<\/div>\n<div><span style=\"font-size: 12px;\">Sosiale medier er i utgangspunktet en sammensmelting av teknologi og kommunikasjonsl\u00f8sninger. Gjennom disse l\u00f8sningene bygges relasjoner og sosiale nettverk som gj\u00f8r at fagfeltet blir stort. Det introduserer problemstillinger og innfallsvinkler fra kommunikasjon, teknologi, psykologi og sosiologi. Med andre ord handler det om et nytt og spennende fagfelt.<\/span><\/div>\n<div><span style=\"font-size: 12px;\">I denne boken tar forfatteren for seg begreper, erfaringer, utfordringer og muligheter. De viktige etiske, psykososiale og juridiske aspektene ved sosiale medier er i mindre grad belyst i boken &#8211; og overlates til andre \u00e5 beskrive.<\/span><\/div>\n<div><\/div>\n<div><span style=\"font-size: 12px;\"><strong>Innhold:<\/strong><\/span><\/div>\n<div><\/div>\n<div><span style=\"font-size: 12px;\">Forord\u00a0\u00a0\u00a0\u00a0\u00a0\u00a0\u00a0\u00a0\u00a0\u00a0\u00a0\u00a0\u00a0\u00a0\u00a0\u00a0\u00a0\u00a0\u00a0\u00a0\u00a0\u00a0\u00a0\u00a0\u00a0\u00a0\u00a0\u00a0\u00a0\u00a0\u00a0\u00a0\u00a0\u00a0\u00a0\u00a0\u00a0\u00a0\u00a0\u00a0\u00a0\u00a0\u00a0\u00a0\u00a0\u00a0\u00a0\u00a0\u00a0\u00a0\u00a0\u00a0\u00a0\u00a0\u00a0\u00a0\u00a0<\/span><\/div>\n<div><span style=\"font-size: 12px;\">1 Du katt i treet!\u00a0\u00a0\u00a0\u00a0\u00a0\u00a0\u00a0\u00a0\u00a0<\/span><\/div>\n<div><span style=\"font-size: 12px;\">2 Finnes relasjonssamfunnet? \u00a0\u00a0\u00a0<\/span><\/div>\n<div><span style=\"font-size: 12px;\">3 Hvorfor skaper relasjoner og kommunikasjon utvikling? \u00a0<\/span><\/div>\n<div><span style=\"font-size: 12px;\">4 Hvorfor lever vi b\u00e5de i et fysisk og virtuelt samfunn? \u00a0<\/span><\/div>\n<div><span style=\"font-size: 12px;\">5 Hvorfor kan vi ikke organisere oss som f\u00f8r? \u00a0\u00a0<\/span><\/div>\n<div><span style=\"font-size: 12px;\">6\u00a0 Hvorfor er relasjonen den tredje parten i en relasjon? \u00a0\u00a0\u00a0<\/span><\/div>\n<div><span style=\"font-size: 12px;\">7 Hvorfor utfordres premissene for eksisterende nettl\u00f8sninger?<\/span><\/div>\n<div><span style=\"font-size: 12px;\">8 Hvordan relasjonstrappa fungerer<\/span><\/div>\n<div><\/div>\n<div><span style=\"font-size: 12px;\">Del 2: Strategi, verkt\u00f8y og tiltak<\/span><\/div>\n<div><span style=\"font-size: 12px;\">9 Nye rammebetingelser<\/span><\/div>\n<div><span style=\"font-size: 12px;\">10 Problemstillinger, tiltak og tips<\/span><\/div>\n<div><span style=\"font-size: 12px;\">11 Relasjonsstrategi\u00a0\u00a0\u00a0\u00a0\u00a0\u00a0\u00a0\u00a0<\/span><\/div>\n<div><span style=\"font-size: 12px;\">12\u00a0En enkel sjekkliste for \u00e5 komme i gang \u00a0\u00a0\u00a0<\/span><\/div>\n<div><span style=\"font-size: 12px;\">13 Katt i treet, hvor skal du g\u00e5?<\/span><\/div>\n<div><span style=\"font-size: 12px;\">14 Ord og begreper\u00a0\u00a0\u00a0<\/span><\/div>\n<div><\/div>\n<div><span style=\"font-size: 12px;\">Myke permer. 176 sider<\/span><\/div>\n<p><span style=\"font-size: 12px;\">ISBN 978-82-998754-0-0<\/span><\/p>\n<p><span style=\"font-size: 12px;\"><strong>Bestille boken: NOK 295,- + eksp. og frakt NOK 40,-: <\/strong>[wp_cart:KattiTreet:price:335:end]<\/span><\/p>\n<p><span style=\"font-size: 12px;\">\n<div class=\"wpcf7 no-js\" id=\"wpcf7-f481-o1\" lang=\"en-US\" dir=\"ltr\" data-wpcf7-id=\"481\">\n<div class=\"screen-reader-response\"><p role=\"status\" aria-live=\"polite\" aria-atomic=\"true\"><\/p> <ul><\/ul><\/div>\n<form action=\"\/index.php?rest_route=%2Fwp%2Fv2%2Fpages%2F257#wpcf7-f481-o1\" method=\"post\" class=\"wpcf7-form init\" aria-label=\"Contact form\" novalidate=\"novalidate\" data-status=\"init\">\n<fieldset class=\"hidden-fields-container\"><input type=\"hidden\" name=\"_wpcf7\" value=\"481\" \/><input type=\"hidden\" name=\"_wpcf7_version\" value=\"6.1.5\" \/><input type=\"hidden\" name=\"_wpcf7_locale\" value=\"en_US\" \/><input type=\"hidden\" name=\"_wpcf7_unit_tag\" value=\"wpcf7-f481-o1\" \/><input type=\"hidden\" name=\"_wpcf7_container_post\" value=\"0\" \/><input type=\"hidden\" name=\"_wpcf7_posted_data_hash\" value=\"\" \/>\n<\/fieldset>\n<p><strong>Kontaktskjema:<\/strong>\n<\/p>\n<p>Navn (M\u00e5 fylles ut)\n<\/p>\n<p><span class=\"wpcf7-form-control-wrap\" data-name=\"your-name\"><input size=\"40\" maxlength=\"400\" class=\"wpcf7-form-control wpcf7-text wpcf7-validates-as-required\" aria-required=\"true\" aria-invalid=\"false\" value=\"\" type=\"text\" name=\"your-name\" \/><\/span><br \/>\nEpost (M\u00e5 fylles ut))\n<\/p>\n<p><span class=\"wpcf7-form-control-wrap\" data-name=\"your-email\"><input size=\"40\" maxlength=\"400\" class=\"wpcf7-form-control wpcf7-email wpcf7-validates-as-required wpcf7-text wpcf7-validates-as-email\" aria-required=\"true\" aria-invalid=\"false\" value=\"\" type=\"email\" name=\"your-email\" \/><\/span><br \/>\nTelefon\n<\/p>\n<p><span class=\"wpcf7-form-control-wrap\" data-name=\"text-925\"><input size=\"40\" maxlength=\"15\" class=\"wpcf7-form-control wpcf7-text\" aria-invalid=\"false\" value=\"\" type=\"text\" name=\"text-925\" \/><\/span><br \/>\nTema\n<\/p>\n<p><span class=\"wpcf7-form-control-wrap\" data-name=\"your-subject\"><input size=\"40\" maxlength=\"400\" class=\"wpcf7-form-control wpcf7-text\" aria-invalid=\"false\" value=\"\" type=\"text\" name=\"your-subject\" \/><\/span><br \/>\nMelding\n<\/p>\n<p><span class=\"wpcf7-form-control-wrap\" data-name=\"your-message\"><textarea cols=\"40\" rows=\"10\" maxlength=\"2000\" class=\"wpcf7-form-control wpcf7-textarea\" aria-invalid=\"false\" name=\"your-message\"><\/textarea><\/span><br \/>\nBekreft og skriv tallet 217\n<\/p>\n<p><span class=\"wpcf7-form-control-wrap\" data-name=\"number-724\"><input class=\"wpcf7-form-control wpcf7-number wpcf7-validates-as-required wpcf7-validates-as-number\" min=\"217\" max=\"217\" aria-required=\"true\" aria-invalid=\"false\" value=\"\" type=\"number\" name=\"number-724\" \/><\/span>\n<\/p>\n<p><input class=\"wpcf7-form-control wpcf7-submit has-spinner\" type=\"submit\" value=\"Send\" \/>\n<\/p><div class=\"wpcf7-response-output\" aria-hidden=\"true\"><\/div>\n<\/form>\n<\/div>\n<span id=\"cke_bm_105E\" style=\"display: none;\">\u00a0<\/span><\/span><\/p>\n","protected":false},"excerpt":{"rendered":"<p>av Stein Arne Nistad. \u201cKatt i treet, hvor skal jeg g\u00e5\u201d er en historisk, strategisk og praktisk guide til sosiale medier og relasjonssamfunnet. Boken er et &laquo;Kinderegg&raquo; og tilbyr seks ting p\u00e5 en gang: Den byr p\u00e5 en god leseropplevelse &hellip; <a href=\"https:\/\/senorc.no\/?page_id=257\">Les videre <span class=\"meta-nav\">&rarr;<\/span><\/a><\/p>\n","protected":false},"author":1,"featured_media":0,"parent":0,"menu_order":0,"comment_status":"open","ping_status":"closed","template":"","meta":{"footnotes":""},"class_list":["post-257","page","type-page","status-publish","hentry"],"_links":{"self":[{"href":"https:\/\/senorc.no\/index.php?rest_route=\/wp\/v2\/pages\/257","targetHints":{"allow":["GET"]}}],"collection":[{"href":"https:\/\/senorc.no\/index.php?rest_route=\/wp\/v2\/pages"}],"about":[{"href":"https:\/\/senorc.no\/index.php?rest_route=\/wp\/v2\/types\/page"}],"author":[{"embeddable":true,"href":"https:\/\/senorc.no\/index.php?rest_route=\/wp\/v2\/users\/1"}],"replies":[{"embeddable":true,"href":"https:\/\/senorc.no\/index.php?rest_route=%2Fwp%2Fv2%2Fcomments&post=257"}],"version-history":[{"count":165,"href":"https:\/\/senorc.no\/index.php?rest_route=\/wp\/v2\/pages\/257\/revisions"}],"predecessor-version":[{"id":896,"href":"https:\/\/senorc.no\/index.php?rest_route=\/wp\/v2\/pages\/257\/revisions\/896"}],"wp:attachment":[{"href":"https:\/\/senorc.no\/index.php?rest_route=%2Fwp%2Fv2%2Fmedia&parent=257"}],"curies":[{"name":"wp","href":"https:\/\/api.w.org\/{rel}","templated":true}]}}