{"id":1902,"date":"2019-12-27T10:20:40","date_gmt":"2019-12-27T10:20:40","guid":{"rendered":"https:\/\/senorc.no\/?page_id=1902"},"modified":"2020-10-26T15:43:29","modified_gmt":"2020-10-26T15:43:29","slug":"1902-2","status":"publish","type":"page","link":"https:\/\/senorc.no\/?page_id=1902","title":{"rendered":"N\u00e5 kommer \u00abAskefall\u00bb"},"content":{"rendered":"\n<p><strong>Kj\u00f8p &laquo;Askefall&raquo; for kr 322,- (veil 379,-) . Du f\u00e5r boken fritt tilsendt s\u00e5 snart den er klar fra trykkeriet (ca 1.3.2020). Du f\u00e5r faktura p\u00e5 e-post\/sms etter levering . <\/strong><\/p>\n\n\n\n<p><strong><a class=\"maxbutton-11 maxbutton maxbutton-nettbutikk\" href=\"https:\/\/senorc.no\/?page_id=2237\"><span class='mb-text'>TIL NETTBUTIKKEN<\/span><\/a><\/strong><\/p>\n\n\n\n<div class=\"wp-block-image\"><figure class=\"alignright is-resized\"><a href=\"https:\/\/senorc.no\/?attachment_id=1912\"><img loading=\"lazy\" decoding=\"async\" src=\"https:\/\/senorc.no\/wp-content\/uploads\/2020\/01\/Askefall_ferdig_forside_RGB-199x300.jpg\" alt=\"\" class=\"wp-image-1912\" width=\"235\" height=\"354\" srcset=\"https:\/\/senorc.no\/wp-content\/uploads\/2020\/01\/Askefall_ferdig_forside_RGB-199x300.jpg 199w, https:\/\/senorc.no\/wp-content\/uploads\/2020\/01\/Askefall_ferdig_forside_RGB-678x1024.jpg 678w, https:\/\/senorc.no\/wp-content\/uploads\/2020\/01\/Askefall_ferdig_forside_RGB-768x1159.jpg 768w, https:\/\/senorc.no\/wp-content\/uploads\/2020\/01\/Askefall_ferdig_forside_RGB.jpg 795w\" sizes=\"auto, (max-width: 235px) 100vw, 235px\" \/><\/a><\/figure><\/div>\n\n\n\n<p>Sykepleieren og jordmoren Elise bor i Alta. Hun blir igjen en del av krigen n\u00e5r Hitlers stolthet slagskipet Tirpitz f\u00e5r base n\u00e6r byen. Om bord er Karl, en tysk soldat som med n\u00f8de og neppe overlevde angrepet p\u00e5 Narvik.&nbsp; Tirpitz truer de allierte konvoiene og de allierte angriper Tirpitz igjen og igjen uten \u00e5 lykkes. Alta flommer over av spioner, kollaborat\u00f8rer og informanter \u2013 og jenter som har kommer i ulukka. I Berlin bor Karls kj\u00e6reste Liesel som er gl\u00f8dende nazist. Hun melder seg frivillig for \u00e5 oppfylle Hitlers visjoner. I 1944 snur krigslykken. En halv million tyske soldater er stasjonert nord for Troms\u00f8. De flykter s\u00f8rover og brenner alt ned etter seg. Berlin st\u00e5r for fall og males sakte i stykker. B\u00e5de Karl, Elise og Liesel kjemper i ruinene for ikke \u00e5 g\u00e5 til grunne.<\/p>\n\n\n\n<p>\u00abAskefall\u00bb er en historisk roman inspirert av virkelige hendelser fra krigen i Nord-Norge og Europa. Men det er ogs\u00e5 fortellingen om menneskers vilje, h\u00e5p og overlevelsesevne n\u00e5r alle valg er umulige. Hva st\u00e5r igjen n\u00e5r freden kommer og asken har lagt seg?<\/p>\n\n\n\n<p>\u00abAskefall\u00bb er tredje og siste roman i en serie selvstendige og avsluttende fortellinger hentet fra krigen i Nord-Norge og Tyskland. \u00abSeks dager i april\u00bb er den f\u00f8rste og \u00abDen tapte v\u00e5ren\u00bb den andre romanen i serien.<\/p>\n","protected":false},"excerpt":{"rendered":"<p>Kj\u00f8p &laquo;Askefall&raquo; for kr 322,- (veil 379,-) . Du f\u00e5r boken fritt tilsendt s\u00e5 snart den er klar fra trykkeriet (ca 1.3.2020). Du f\u00e5r faktura p\u00e5 e-post\/sms etter levering . Sykepleieren og jordmoren Elise bor i Alta. Hun blir igjen &hellip; <a href=\"https:\/\/senorc.no\/?page_id=1902\">Les videre <span class=\"meta-nav\">&rarr;<\/span><\/a><\/p>\n","protected":false},"author":1,"featured_media":0,"parent":0,"menu_order":0,"comment_status":"closed","ping_status":"closed","template":"","meta":{"footnotes":""},"class_list":["post-1902","page","type-page","status-publish","hentry"],"_links":{"self":[{"href":"https:\/\/senorc.no\/index.php?rest_route=\/wp\/v2\/pages\/1902","targetHints":{"allow":["GET"]}}],"collection":[{"href":"https:\/\/senorc.no\/index.php?rest_route=\/wp\/v2\/pages"}],"about":[{"href":"https:\/\/senorc.no\/index.php?rest_route=\/wp\/v2\/types\/page"}],"author":[{"embeddable":true,"href":"https:\/\/senorc.no\/index.php?rest_route=\/wp\/v2\/users\/1"}],"replies":[{"embeddable":true,"href":"https:\/\/senorc.no\/index.php?rest_route=%2Fwp%2Fv2%2Fcomments&post=1902"}],"version-history":[{"count":9,"href":"https:\/\/senorc.no\/index.php?rest_route=\/wp\/v2\/pages\/1902\/revisions"}],"predecessor-version":[{"id":2316,"href":"https:\/\/senorc.no\/index.php?rest_route=\/wp\/v2\/pages\/1902\/revisions\/2316"}],"wp:attachment":[{"href":"https:\/\/senorc.no\/index.php?rest_route=%2Fwp%2Fv2%2Fmedia&parent=1902"}],"curies":[{"name":"wp","href":"https:\/\/api.w.org\/{rel}","templated":true}]}}