{"id":1495,"date":"2016-07-22T10:24:48","date_gmt":"2016-07-22T10:24:48","guid":{"rendered":"http:\/\/senorc.no\/?page_id=1495"},"modified":"2016-07-22T10:24:48","modified_gmt":"2016-07-22T10:24:48","slug":"stein-arne-nistad","status":"publish","type":"page","link":"https:\/\/senorc.no\/?page_id=1495","title":{"rendered":"Stein Arne Nistad"},"content":{"rendered":"<p><span lang=\"NO-BOK\"><span style=\"color: #000000; font-family: Times New Roman;\"><a href=\"http:\/\/senorc.no\/?attachment_id=1092\" rel=\"attachment wp-att-1092\"><img loading=\"lazy\" decoding=\"async\" class=\" wp-image-1092 alignright\" src=\"http:\/\/senorc.no\/wp-content\/uploads\/2015\/02\/steinarne-300x300.jpg\" alt=\"steinarne\" width=\"230\" height=\"230\" srcset=\"https:\/\/senorc.no\/wp-content\/uploads\/2015\/02\/steinarne-300x300.jpg 300w, https:\/\/senorc.no\/wp-content\/uploads\/2015\/02\/steinarne-150x150.jpg 150w, https:\/\/senorc.no\/wp-content\/uploads\/2015\/02\/steinarne-1024x1024.jpg 1024w, https:\/\/senorc.no\/wp-content\/uploads\/2015\/02\/steinarne-64x64.jpg 64w, https:\/\/senorc.no\/wp-content\/uploads\/2015\/02\/steinarne.jpg 1772w\" sizes=\"auto, (max-width: 230px) 100vw, 230px\" \/><\/a>Stein Arne Nistad (f. 1957) er forfatter, kommunikat\u00f8r og journalist. Nistad debuterte som i 2015 med Seks dager i april. Den tapte v\u00e5ren er hans andre roman men han har tidligere publisert egne dikt i antologien Pippi, gutta og frihetens \u00f8yeblikk (2001) og i konseptboken Bok 1 (1999) i samarbeid med Morten Krogvold og Gazette. Nistad er en internasjonalt anerkjent fagbokforfatter og har utgitt Katt i treet, hvor skal jeg g\u00e5 (2012) og The age of you (2013). Nistad er f\u00f8dt p\u00e5 Heggen i Ringerike, men er n\u00e5 bosatt i Oslo. <\/span><\/span><\/p>\n<p>&nbsp;<\/p>\n","protected":false},"excerpt":{"rendered":"<p>Stein Arne Nistad (f. 1957) er forfatter, kommunikat\u00f8r og journalist. Nistad debuterte som i 2015 med Seks dager i april. Den tapte v\u00e5ren er hans andre roman men han har tidligere publisert egne dikt i antologien Pippi, gutta og frihetens &hellip; <a href=\"https:\/\/senorc.no\/?page_id=1495\">Les videre <span class=\"meta-nav\">&rarr;<\/span><\/a><\/p>\n","protected":false},"author":1,"featured_media":0,"parent":0,"menu_order":0,"comment_status":"closed","ping_status":"closed","template":"","meta":{"footnotes":""},"class_list":["post-1495","page","type-page","status-publish","hentry"],"_links":{"self":[{"href":"https:\/\/senorc.no\/index.php?rest_route=\/wp\/v2\/pages\/1495","targetHints":{"allow":["GET"]}}],"collection":[{"href":"https:\/\/senorc.no\/index.php?rest_route=\/wp\/v2\/pages"}],"about":[{"href":"https:\/\/senorc.no\/index.php?rest_route=\/wp\/v2\/types\/page"}],"author":[{"embeddable":true,"href":"https:\/\/senorc.no\/index.php?rest_route=\/wp\/v2\/users\/1"}],"replies":[{"embeddable":true,"href":"https:\/\/senorc.no\/index.php?rest_route=%2Fwp%2Fv2%2Fcomments&post=1495"}],"version-history":[{"count":1,"href":"https:\/\/senorc.no\/index.php?rest_route=\/wp\/v2\/pages\/1495\/revisions"}],"predecessor-version":[{"id":1496,"href":"https:\/\/senorc.no\/index.php?rest_route=\/wp\/v2\/pages\/1495\/revisions\/1496"}],"wp:attachment":[{"href":"https:\/\/senorc.no\/index.php?rest_route=%2Fwp%2Fv2%2Fmedia&parent=1495"}],"curies":[{"name":"wp","href":"https:\/\/api.w.org\/{rel}","templated":true}]}}